{"id":129194,"date":"2017-11-13T14:49:18","date_gmt":"2017-11-13T13:49:18","guid":{"rendered":"https:\/\/fundacionih.es\/board\/"},"modified":"2025-07-08T14:43:16","modified_gmt":"2025-07-08T12:43:16","slug":"board","status":"publish","type":"page","link":"https:\/\/fundacionih.es\/en\/board\/","title":{"rendered":"Board of Trustees"},"content":{"rendered":"<p>[et_pb_section fb_built=&#8221;1&#8243; admin_label=&#8221;Hero&#8221; _builder_version=&#8221;4.16&#8243; background_color=&#8221;rgba(5,5,5,0.39)&#8221; background_image=&#8221;https:\/\/fundacionih.es\/wp-content\/uploads\/2017\/11\/DSC_9803-e1510574178303.jpg&#8221; background_blend=&#8221;multiply&#8221; custom_padding=&#8221;32px|0px|49px|0px|false|false&#8221; animation_style=&#8221;zoom&#8221; animation_intensity_zoom=&#8221;4%&#8221; global_colors_info=&#8221;{}&#8221;][et_pb_row column_structure=&#8221;1_2,1_2&#8243; use_custom_gutter=&#8221;on&#8221; gutter_width=&#8221;1&#8243; make_equal=&#8221;on&#8221; _builder_version=&#8221;4.16&#8243; background_position=&#8221;top_left&#8221; background_repeat=&#8221;repeat&#8221; background_blend=&#8221;multiply&#8221; custom_padding=&#8221;0px||27px||false|false&#8221; animation_style=&#8221;slide&#8221; animation_direction=&#8221;top&#8221; animation_intensity_slide=&#8221;3%&#8221; global_colors_info=&#8221;{}&#8221;][et_pb_column type=&#8221;1_2&#8243; _builder_version=&#8221;4.16&#8243; custom_padding=&#8221;|||&#8221; global_colors_info=&#8221;{}&#8221; custom_padding__hover=&#8221;|||&#8221;][et_pb_text _builder_version=&#8221;4.16&#8243; text_font=&#8221;Saira Semi Condensed|700||on|||||&#8221; text_line_height=&#8221;1.2em&#8221; header_font=&#8221;Saira Semi Condensed|700||on|||||&#8221; header_text_color=&#8221;#f7f7f7&#8243; header_font_size=&#8221;62px&#8221; background_size=&#8221;initial&#8221; background_position=&#8221;top_left&#8221; background_repeat=&#8221;repeat&#8221; custom_margin=&#8221;80px||40px|&#8221; animation_style=&#8221;fade&#8221; header_font_size_tablet=&#8221;&#8221; header_font_size_phone=&#8221;32px&#8221; header_font_size_last_edited=&#8221;on|phone&#8221; locked=&#8221;off&#8221; global_colors_info=&#8221;{}&#8221;]<\/p>\n<h1>PATRONAT<\/h1>\n<p>[\/et_pb_text][\/et_pb_column][et_pb_column type=&#8221;1_2&#8243; _builder_version=&#8221;4.16&#8243; parallax=&#8221;on&#8221; custom_padding=&#8221;|||&#8221; global_colors_info=&#8221;{}&#8221; custom_padding__hover=&#8221;|||&#8221;][\/et_pb_column][\/et_pb_row][\/et_pb_section][et_pb_section fb_built=&#8221;1&#8243; admin_label=&#8221;Service Section&#8221; _builder_version=&#8221;4.16&#8243; background_color=&#8221;#f9f9f9&#8243; custom_margin=&#8221;|||&#8221; custom_padding=&#8221;30px||30px||false|false&#8221; global_colors_info=&#8221;{}&#8221;][et_pb_row admin_label=&#8221;Quote&#8221; _builder_version=&#8221;4.16&#8243; background_size=&#8221;initial&#8221; background_position=&#8221;top_left&#8221; background_repeat=&#8221;repeat&#8221; custom_padding=&#8221;23px|0px|37px|0px|false|false&#8221; global_colors_info=&#8221;{}&#8221;][et_pb_column type=&#8221;4_4&#8243; _builder_version=&#8221;4.16&#8243; custom_padding=&#8221;|||&#8221; global_colors_info=&#8221;{}&#8221; custom_padding__hover=&#8221;|||&#8221;][et_pb_text admin_label=&#8221;Quote&#8221; _builder_version=&#8221;4.27.4&#8243; text_font=&#8221;Saira Semi Condensed|300|||||||&#8221; text_text_color=&#8221;#141211&#8243; text_font_size=&#8221;20px&#8221; background_size=&#8221;initial&#8221; background_position=&#8221;top_left&#8221; background_repeat=&#8221;repeat&#8221; vertical_offset_tablet=&#8221;0&#8243; horizontal_offset_tablet=&#8221;0&#8243; module_alignment=&#8221;center&#8221; animation_direction=&#8221;top&#8221; z_index_tablet=&#8221;500&#8243; text_text_shadow_horizontal_length_tablet=&#8221;0px&#8221; text_text_shadow_vertical_length_tablet=&#8221;0px&#8221; text_text_shadow_blur_strength_tablet=&#8221;1px&#8221; link_text_shadow_horizontal_length_tablet=&#8221;0px&#8221; link_text_shadow_vertical_length_tablet=&#8221;0px&#8221; link_text_shadow_blur_strength_tablet=&#8221;1px&#8221; ul_text_shadow_horizontal_length_tablet=&#8221;0px&#8221; ul_text_shadow_vertical_length_tablet=&#8221;0px&#8221; ul_text_shadow_blur_strength_tablet=&#8221;1px&#8221; ol_text_shadow_horizontal_length_tablet=&#8221;0px&#8221; ol_text_shadow_vertical_length_tablet=&#8221;0px&#8221; ol_text_shadow_blur_strength_tablet=&#8221;1px&#8221; quote_text_shadow_horizontal_length_tablet=&#8221;0px&#8221; quote_text_shadow_vertical_length_tablet=&#8221;0px&#8221; quote_text_shadow_blur_strength_tablet=&#8221;1px&#8221; header_text_shadow_horizontal_length_tablet=&#8221;0px&#8221; header_text_shadow_vertical_length_tablet=&#8221;0px&#8221; header_text_shadow_blur_strength_tablet=&#8221;1px&#8221; header_2_text_shadow_horizontal_length_tablet=&#8221;0px&#8221; header_2_text_shadow_vertical_length_tablet=&#8221;0px&#8221; header_2_text_shadow_blur_strength_tablet=&#8221;1px&#8221; header_3_text_shadow_horizontal_length_tablet=&#8221;0px&#8221; header_3_text_shadow_vertical_length_tablet=&#8221;0px&#8221; header_3_text_shadow_blur_strength_tablet=&#8221;1px&#8221; header_4_text_shadow_horizontal_length_tablet=&#8221;0px&#8221; header_4_text_shadow_vertical_length_tablet=&#8221;0px&#8221; header_4_text_shadow_blur_strength_tablet=&#8221;1px&#8221; header_5_text_shadow_horizontal_length_tablet=&#8221;0px&#8221; header_5_text_shadow_vertical_length_tablet=&#8221;0px&#8221; header_5_text_shadow_blur_strength_tablet=&#8221;1px&#8221; header_6_text_shadow_horizontal_length_tablet=&#8221;0px&#8221; header_6_text_shadow_vertical_length_tablet=&#8221;0px&#8221; header_6_text_shadow_blur_strength_tablet=&#8221;1px&#8221; box_shadow_horizontal_tablet=&#8221;0px&#8221; box_shadow_vertical_tablet=&#8221;0px&#8221; box_shadow_blur_tablet=&#8221;40px&#8221; box_shadow_spread_tablet=&#8221;0px&#8221; global_colors_info=&#8221;{}&#8221;]<\/p>\n<p><span style=\"color: #0c71c3;\"><strong>CHAIRMAN_.<\/strong><\/span><\/p>\n<p><strong>Ms. Concepci\u00f3n L\u00f3pez Fern\u00e1ndez.   <\/strong><em>Rector of the University of Cantabria.<\/em><\/p>\n<p><span style=\"color: #0c71c3;\"><strong>VICE_PRESIDENT<\/strong><\/span><\/p>\n<p><strong>D. Ra\u00fal Medina Santamar\u00eda<\/strong>. <em>Professor at the University of Cantabria.<\/em><\/p>\n<p><span style=\"color: #0c71c3;\"><strong>SECRETARY<\/strong><\/span><\/p>\n<p><strong>Mrs. M\u00aa Eugenia Fern\u00e1ndez Fern\u00e1ndez <\/strong>. <em>Legal Advisor of the University of Cantabria.<\/em><\/p>\n<p><span style=\"color: #0c71c3;\"><strong>NATURAL-BORN PATRONS_.<\/strong><\/span><\/p>\n<p><strong><span>D. Eduardo Arasti Barca.  <\/span><\/strong><em>Regional Minister of Industry, Employment, Innovation and Commerce of the Government of Cantabria<\/em><\/p>\n<p><strong>D. Roberto Media S\u00e1inz.<\/strong> <em>Regional Minister of Development, Territorial Planning and Environment of the Government of Cantabria.<\/em><\/p>\n<p><strong>Mr. Javier Puente Redondo<\/strong>. <em>General Director of Innovation, Technological Development and Industrial Entrepreneurship of the Government of Cantabria.<\/em><\/p>\n<p><strong>D. Luis Fernando Ol\u00e1iz Arenal<\/strong>. <em>General Director of Treasury, Budgets and Financial Policy of the Government of Cantabria.<\/em><\/p>\n<p><strong>Mrs. Mar\u00eda Tejerina Puente <\/strong><em>. General Director of Water and Ports of the Government of Cantabria.<\/em><\/p>\n<p><strong>Mrs. Marta Pascual S\u00e1ez <\/strong>. <em>General Director of Universities and University Policy of the Government of Cantabria.<\/em><\/p>\n<p><strong>D. Luigi del&#8217;Ollio<\/strong>. <em>Vice-Rector for Research and Knowledge Transfer, University of Cantabria.<\/em><strong><\/strong><\/p>\n<p><strong>D. Angel Pedraja Ter\u00e1n<\/strong>. <em>Chief Executive Officer of SODERCAN<\/em>.<\/p>\n<p><span style=\"color: #0c71c3;\"><strong>ELECTED_ PATRONS<\/strong><\/span><\/p>\n<p><strong>Ms. \u00c1ngela Fern\u00e1ndez Curto. <\/strong> <em>Deputy Assistant Director General for Large Scientific and Technical Facilities.<\/em><\/p>\n<p><strong>D. Ra\u00fal Medina Santamar\u00eda<\/strong>. <em>Professor at the University of Cantabria.<\/em><\/p>\n<p><strong>Mr. \u00cd\u00f1igo Losada Rodr\u00edguez<\/strong>. <em>Professor at the University of Cantabria.<\/em><\/p>\n<p>[\/et_pb_text][\/et_pb_column][\/et_pb_row][\/et_pb_section][et_pb_section fb_built=&#8221;1&#8243; _builder_version=&#8221;4.16&#8243; background_color=&#8221;#dddddd&#8221; custom_padding=&#8221;30px|0px|35px|0px|false|false&#8221; global_colors_info=&#8221;{}&#8221;][et_pb_row _builder_version=&#8221;4.16&#8243; custom_padding=&#8221;0px|0px|0px|0px&#8221; global_colors_info=&#8221;{}&#8221;][et_pb_column type=&#8221;4_4&#8243; _builder_version=&#8221;4.16&#8243; custom_padding=&#8221;|||&#8221; global_colors_info=&#8221;{}&#8221; custom_padding__hover=&#8221;|||&#8221;][et_pb_cta title=&#8221;Need more information?&#8221; button_url=&#8221;https:\/\/fundacionih.es\/en\/contacto\/&#8221; button_text=&#8221;Contact&#8221; _builder_version=&#8221;4.14.5&#8243; header_font=&#8221;Saira Semi Condensed|500||||on|||&#8221; header_text_align=&#8221;center&#8221; header_text_color=&#8221;#ffffff&#8221; header_font_size=&#8221;24px&#8221; body_font=&#8221;Saira Semi Condensed|300|||||||&#8221; body_text_align=&#8221;center&#8221; body_text_color=&#8221;#ffffff&#8221; use_background_color=&#8221;off&#8221; custom_button=&#8221;on&#8221; button_text_size=&#8221;18px&#8221; button_text_color=&#8221;#4c4c4c&#8221; button_bg_color=&#8221;#ffffff&#8221; button_border_width=&#8221;1px&#8221; button_border_color=&#8221;#4c4c4c&#8221; button_border_radius=&#8221;0px&#8221; button_letter_spacing=&#8221;2px&#8221; button_font=&#8221;Saira Semi Condensed|600|||||||&#8221; button_icon=&#8221;%%40%%&#8221; button_icon_color=&#8221;#4c4c4c&#8221; button_alignment=&#8221;right&#8221; vertical_offset_tablet=&#8221;0&#8243; horizontal_offset_tablet=&#8221;0&#8243; max_width=&#8221;100%&#8221; button_icon_tablet=&#8221;%%40%%&#8221; button_icon_phone=&#8221;%%40%%&#8221; z_index_tablet=&#8221;500&#8243; header_text_shadow_horizontal_length_tablet=&#8221;0px&#8221; header_text_shadow_vertical_length_tablet=&#8221;0px&#8221; header_text_shadow_blur_strength_tablet=&#8221;1px&#8221; body_text_shadow_horizontal_length_tablet=&#8221;0px&#8221; body_text_shadow_vertical_length_tablet=&#8221;0px&#8221; body_text_shadow_blur_strength_tablet=&#8221;1px&#8221; body_link_text_shadow_horizontal_length_tablet=&#8221;0px&#8221; body_link_text_shadow_vertical_length_tablet=&#8221;0px&#8221; body_link_text_shadow_blur_strength_tablet=&#8221;1px&#8221; body_ul_text_shadow_horizontal_length_tablet=&#8221;0px&#8221; body_ul_text_shadow_vertical_length_tablet=&#8221;0px&#8221; body_ul_text_shadow_blur_strength_tablet=&#8221;1px&#8221; body_ol_text_shadow_horizontal_length_tablet=&#8221;0px&#8221; body_ol_text_shadow_vertical_length_tablet=&#8221;0px&#8221; body_ol_text_shadow_blur_strength_tablet=&#8221;1px&#8221; body_quote_text_shadow_horizontal_length_tablet=&#8221;0px&#8221; body_quote_text_shadow_vertical_length_tablet=&#8221;0px&#8221; body_quote_text_shadow_blur_strength_tablet=&#8221;1px&#8221; button_text_shadow_horizontal_length_tablet=&#8221;0px&#8221; button_text_shadow_vertical_length_tablet=&#8221;0px&#8221; button_text_shadow_blur_strength_tablet=&#8221;1px&#8221; box_shadow_horizontal_tablet=&#8221;0px&#8221; box_shadow_vertical_tablet=&#8221;0px&#8221; box_shadow_blur_tablet=&#8221;40px&#8221; box_shadow_spread_tablet=&#8221;0px&#8221; box_shadow_horizontal_button_tablet=&#8221;0px&#8221; box_shadow_vertical_button_tablet=&#8221;0px&#8221; box_shadow_blur_button_tablet=&#8221;40px&#8221; box_shadow_spread_button_tablet=&#8221;0px&#8221; text_shadow_horizontal_length_tablet=&#8221;0px&#8221; text_shadow_vertical_length_tablet=&#8221;0px&#8221; text_shadow_blur_strength_tablet=&#8221;1px&#8221; button_letter_spacing_hover=&#8221;0&#8243; global_module=&#8221;122304&#8243; saved_tabs=&#8221;all&#8221; global_colors_info=&#8221;{}&#8221; button_text_size__hover_enabled=&#8221;off&#8221; button_one_text_size__hover_enabled=&#8221;off&#8221; button_two_text_size__hover_enabled=&#8221;off&#8221; button_text_color__hover_enabled=&#8221;off&#8221; button_one_text_color__hover_enabled=&#8221;off&#8221; button_two_text_color__hover_enabled=&#8221;off&#8221; button_border_width__hover_enabled=&#8221;off&#8221; button_one_border_width__hover_enabled=&#8221;off&#8221; button_two_border_width__hover_enabled=&#8221;off&#8221; button_border_color__hover_enabled=&#8221;off&#8221; button_one_border_color__hover_enabled=&#8221;off&#8221; button_two_border_color__hover_enabled=&#8221;off&#8221; button_border_radius__hover_enabled=&#8221;off&#8221; button_one_border_radius__hover_enabled=&#8221;off&#8221; button_two_border_radius__hover_enabled=&#8221;off&#8221; button_letter_spacing__hover_enabled=&#8221;on&#8221; button_letter_spacing__hover=&#8221;0&#8243; button_one_letter_spacing__hover_enabled=&#8221;off&#8221; button_two_letter_spacing__hover_enabled=&#8221;off&#8221; button_bg_color__hover_enabled=&#8221;off&#8221; button_one_bg_color__hover_enabled=&#8221;off&#8221; button_two_bg_color__hover_enabled=&#8221;off&#8221;]<\/p>\n<p>Por favor use el siguiente formulario de contacto<\/p>\n<p>[\/et_pb_cta][\/et_pb_column][\/et_pb_row][\/et_pb_section]<\/p>\n","protected":false},"excerpt":{"rendered":"<p>PATRONATCHAIRMAN_. Ms. Concepci\u00f3n L\u00f3pez Fern\u00e1ndez. Rector of the University of Cantabria. VICE_PRESIDENT D. Ra\u00fal Medina Santamar\u00eda. Professor at the University of Cantabria. SECRETARY Mrs. M\u00aa Eugenia Fern\u00e1ndez Fern\u00e1ndez . Legal Advisor of the University of Cantabria. NATURAL-BORN PATRONS_. D. Eduardo Arasti Barca. Regional Minister of Industry, Employment, Innovation and Commerce of the Government of Cantabria [&hellip;]<\/p>\n","protected":false},"author":1,"featured_media":0,"parent":0,"menu_order":0,"comment_status":"closed","ping_status":"closed","template":"","meta":{"_et_pb_use_builder":"on","_et_pb_old_content":"","_et_gb_content_width":"","footnotes":""},"class_list":["post-129194","page","type-page","status-publish","hentry"],"jetpack_sharing_enabled":true,"jetpack_shortlink":"https:\/\/wp.me\/P9n5G8-xBM","_links":{"self":[{"href":"https:\/\/fundacionih.es\/en\/wp-json\/wp\/v2\/pages\/129194","targetHints":{"allow":["GET"]}}],"collection":[{"href":"https:\/\/fundacionih.es\/en\/wp-json\/wp\/v2\/pages"}],"about":[{"href":"https:\/\/fundacionih.es\/en\/wp-json\/wp\/v2\/types\/page"}],"author":[{"embeddable":true,"href":"https:\/\/fundacionih.es\/en\/wp-json\/wp\/v2\/users\/1"}],"replies":[{"embeddable":true,"href":"https:\/\/fundacionih.es\/en\/wp-json\/wp\/v2\/comments?post=129194"}],"version-history":[{"count":5,"href":"https:\/\/fundacionih.es\/en\/wp-json\/wp\/v2\/pages\/129194\/revisions"}],"predecessor-version":[{"id":132718,"href":"https:\/\/fundacionih.es\/en\/wp-json\/wp\/v2\/pages\/129194\/revisions\/132718"}],"wp:attachment":[{"href":"https:\/\/fundacionih.es\/en\/wp-json\/wp\/v2\/media?parent=129194"}],"curies":[{"name":"wp","href":"https:\/\/api.w.org\/{rel}","templated":true}]}}